{"id":407,"date":"2019-08-02T10:38:15","date_gmt":"2019-08-02T10:38:15","guid":{"rendered":"http:\/\/alz-dortmund-verein.de\/?page_id=407"},"modified":"2019-08-02T10:38:16","modified_gmt":"2019-08-02T10:38:16","slug":"fotos-und-videos","status":"publish","type":"page","link":"http:\/\/alz-dortmund-verein.de\/?page_id=407","title":{"rendered":"Fotos und Videos"},"content":{"rendered":"\n<p><strong>B\u00fcndnis &#8222;Wir wollen wohnen!&#8220; &#8211; Aktionsnachmittag am Montag, 01.04.2019 um 14 Uhr, Reinoldikirche<\/strong><\/p>\n\n\n\n<p>Mitte Januar stellte sich auf der Landespressekonferenz in D\u00fcsseldorf das NRW-B\u00fcndnis &#8222;Wir wollen wohnen!&#8220; vor. In Dortmund k\u00fcmmert sich das Netzwerk &#8222;arm in Arm&#8220;,&nbsp; in der viele der Kampagnen-B\u00fcndnispartner bereits auf lokaler Ebene vernetzt sind, um die Arbeit des Aktionsb\u00fcndnisses vor Ort. Wir fordern von der Landesregierung einen verbesserten Mieterschutz und weitergehende Ma\u00dfnahmen f\u00fcr bezahlbares Wohnen in NRW. Auch von den Kommunen wird mehr Einsatz f\u00fcr bezahlbares Wohnen gefordert. <\/p>\n\n\n\n<ul class=\"wp-block-gallery columns-2 is-cropped wp-block-gallery-1 is-layout-flex wp-block-gallery-is-layout-flex\"><li class=\"blocks-gallery-item\"><figure><img fetchpriority=\"high\" decoding=\"async\" width=\"576\" height=\"1024\" src=\"http:\/\/alz-dortmund-verein.de\/wp-content\/uploads\/2019\/08\/IMG_2594-1-e1564740736380-576x1024.jpg\" alt=\"\" data-id=\"415\" class=\"wp-image-415\" srcset=\"http:\/\/alz-dortmund-verein.de\/wp-content\/uploads\/2019\/08\/IMG_2594-1-e1564740736380-576x1024.jpg 576w, http:\/\/alz-dortmund-verein.de\/wp-content\/uploads\/2019\/08\/IMG_2594-1-e1564740736380-169x300.jpg 169w, http:\/\/alz-dortmund-verein.de\/wp-content\/uploads\/2019\/08\/IMG_2594-1-e1564740736380-768x1365.jpg 768w, http:\/\/alz-dortmund-verein.de\/wp-content\/uploads\/2019\/08\/IMG_2594-1-e1564740736380.jpg 1080w\" sizes=\"(max-width: 576px) 100vw, 576px\" \/><\/figure><\/li><li class=\"blocks-gallery-item\"><figure><img decoding=\"async\" width=\"1024\" height=\"768\" src=\"http:\/\/alz-dortmund-verein.de\/wp-content\/uploads\/2019\/08\/IMG_2591-1-1024x768.jpg\" alt=\"\" data-id=\"417\" data-link=\"http:\/\/alz-dortmund-verein.de\/?attachment_id=417\" class=\"wp-image-417\" srcset=\"http:\/\/alz-dortmund-verein.de\/wp-content\/uploads\/2019\/08\/IMG_2591-1-1024x768.jpg 1024w, http:\/\/alz-dortmund-verein.de\/wp-content\/uploads\/2019\/08\/IMG_2591-1-300x225.jpg 300w, http:\/\/alz-dortmund-verein.de\/wp-content\/uploads\/2019\/08\/IMG_2591-1-768x576.jpg 768w\" sizes=\"(max-width: 767px) 89vw, (max-width: 1000px) 54vw, (max-width: 1071px) 543px, 580px\" \/><\/figure><\/li><li class=\"blocks-gallery-item\"><figure><img decoding=\"async\" width=\"1024\" height=\"768\" src=\"http:\/\/alz-dortmund-verein.de\/wp-content\/uploads\/2019\/08\/IMG_2596-2-1024x768.jpg\" alt=\"\" data-id=\"420\" data-link=\"http:\/\/alz-dortmund-verein.de\/?attachment_id=420\" class=\"wp-image-420\" srcset=\"http:\/\/alz-dortmund-verein.de\/wp-content\/uploads\/2019\/08\/IMG_2596-2-1024x768.jpg 1024w, http:\/\/alz-dortmund-verein.de\/wp-content\/uploads\/2019\/08\/IMG_2596-2-300x225.jpg 300w, http:\/\/alz-dortmund-verein.de\/wp-content\/uploads\/2019\/08\/IMG_2596-2-768x576.jpg 768w\" sizes=\"(max-width: 767px) 89vw, (max-width: 1000px) 54vw, (max-width: 1071px) 543px, 580px\" \/><\/figure><\/li><li class=\"blocks-gallery-item\"><figure><img loading=\"lazy\" decoding=\"async\" width=\"576\" height=\"1024\" src=\"http:\/\/alz-dortmund-verein.de\/wp-content\/uploads\/2019\/08\/IMG_2595-2-576x1024.jpg\" alt=\"\" data-id=\"421\" data-link=\"http:\/\/alz-dortmund-verein.de\/?attachment_id=421\" class=\"wp-image-421\" srcset=\"http:\/\/alz-dortmund-verein.de\/wp-content\/uploads\/2019\/08\/IMG_2595-2-576x1024.jpg 576w, http:\/\/alz-dortmund-verein.de\/wp-content\/uploads\/2019\/08\/IMG_2595-2-169x300.jpg 169w, http:\/\/alz-dortmund-verein.de\/wp-content\/uploads\/2019\/08\/IMG_2595-2-768x1365.jpg 768w, http:\/\/alz-dortmund-verein.de\/wp-content\/uploads\/2019\/08\/IMG_2595-2.jpg 1080w\" sizes=\"(max-width: 576px) 100vw, 576px\" \/><\/figure><\/li><\/ul>\n\n\n\n<p>Ein <strong>Video vom Aktionstag<\/strong> findet ihr hier: <a href=\"https:\/\/drive.google.com\/folderview?id=1KaiiGq7qrkOSHTgwubkfibL7aVSK0jlz\">https:\/\/drive.google.com\/folderview?id=1KaiiGq7qrkOSHTgwubkfibL7aVSK0jlz<\/a><\/p>\n\n\n\n<p> <strong>Diskussionsveranstaltung des B\u00fcndnisses \u201eWir wollen wohnen!\u201c \/ Netzwerkes \u201earm in Arm\u201c <\/strong>zum Thema \u201e<strong>Bezahlbares Wohnen und Mieterschutz. Was kann die Landesregierung f\u00fcr Dortmunder Mieterinnen und Mieter tun?\u201c<\/strong> \u00a0 Mittwoch, den 08. Mai 2019 <\/p>\n\n\n\n<ul class=\"wp-block-gallery columns-3 is-cropped wp-block-gallery-2 is-layout-flex wp-block-gallery-is-layout-flex\"><li class=\"blocks-gallery-item\"><figure><img loading=\"lazy\" decoding=\"async\" width=\"1024\" height=\"661\" src=\"http:\/\/alz-dortmund-verein.de\/wp-content\/uploads\/2019\/08\/Wohnen1-1024x661.jpg\" alt=\"\" data-id=\"416\" data-link=\"http:\/\/alz-dortmund-verein.de\/?attachment_id=416\" class=\"wp-image-416\" srcset=\"http:\/\/alz-dortmund-verein.de\/wp-content\/uploads\/2019\/08\/Wohnen1-1024x661.jpg 1024w, http:\/\/alz-dortmund-verein.de\/wp-content\/uploads\/2019\/08\/Wohnen1-300x194.jpg 300w, http:\/\/alz-dortmund-verein.de\/wp-content\/uploads\/2019\/08\/Wohnen1-768x496.jpg 768w\" sizes=\"(max-width: 767px) 89vw, (max-width: 1000px) 54vw, (max-width: 1071px) 543px, 580px\" \/><\/figure><\/li><li class=\"blocks-gallery-item\"><figure><img loading=\"lazy\" decoding=\"async\" width=\"1024\" height=\"698\" src=\"http:\/\/alz-dortmund-verein.de\/wp-content\/uploads\/2019\/08\/Wohnen4-1024x698.jpg\" alt=\"\" data-id=\"414\" data-link=\"http:\/\/alz-dortmund-verein.de\/?attachment_id=414\" class=\"wp-image-414\" srcset=\"http:\/\/alz-dortmund-verein.de\/wp-content\/uploads\/2019\/08\/Wohnen4-1024x698.jpg 1024w, http:\/\/alz-dortmund-verein.de\/wp-content\/uploads\/2019\/08\/Wohnen4-300x205.jpg 300w, http:\/\/alz-dortmund-verein.de\/wp-content\/uploads\/2019\/08\/Wohnen4-768x524.jpg 768w\" sizes=\"(max-width: 767px) 89vw, (max-width: 1000px) 54vw, (max-width: 1071px) 543px, 580px\" \/><\/figure><\/li><li class=\"blocks-gallery-item\"><figure><img loading=\"lazy\" decoding=\"async\" width=\"1024\" height=\"618\" src=\"http:\/\/alz-dortmund-verein.de\/wp-content\/uploads\/2019\/08\/Wohnen5-1024x618.jpg\" alt=\"\" data-id=\"409\" data-link=\"http:\/\/alz-dortmund-verein.de\/?attachment_id=409\" class=\"wp-image-409\" srcset=\"http:\/\/alz-dortmund-verein.de\/wp-content\/uploads\/2019\/08\/Wohnen5-1024x618.jpg 1024w, http:\/\/alz-dortmund-verein.de\/wp-content\/uploads\/2019\/08\/Wohnen5-300x181.jpg 300w, http:\/\/alz-dortmund-verein.de\/wp-content\/uploads\/2019\/08\/Wohnen5-768x464.jpg 768w\" sizes=\"(max-width: 767px) 89vw, (max-width: 1000px) 54vw, (max-width: 1071px) 543px, 580px\" \/><\/figure><\/li><\/ul>\n","protected":false},"excerpt":{"rendered":"<p>B\u00fcndnis &#8222;Wir wollen wohnen!&#8220; &#8211; Aktionsnachmittag am Montag, 01.04.2019 um 14 Uhr, Reinoldikirche Mitte Januar stellte sich auf der Landespressekonferenz in D\u00fcsseldorf das NRW-B\u00fcndnis &#8222;Wir wollen wohnen!&#8220; vor. In Dortmund k\u00fcmmert sich das Netzwerk &#8222;arm in Arm&#8220;,&nbsp; in der viele der Kampagnen-B\u00fcndnispartner bereits auf lokaler Ebene vernetzt sind, um die Arbeit des Aktionsb\u00fcndnisses vor Ort. &hellip; <\/p>\n<p class=\"link-more\"><a href=\"http:\/\/alz-dortmund-verein.de\/?page_id=407\" class=\"more-link\"><span class=\"screen-reader-text\">\u201eFotos und Videos\u201c <\/span>weiterlesen<\/a><\/p>\n","protected":false},"author":1,"featured_media":0,"parent":164,"menu_order":0,"comment_status":"closed","ping_status":"closed","template":"","meta":{"ngg_post_thumbnail":0,"footnotes":""},"class_list":["post-407","page","type-page","status-publish","hentry"],"aioseo_notices":[],"_links":{"self":[{"href":"http:\/\/alz-dortmund-verein.de\/index.php?rest_route=\/wp\/v2\/pages\/407","targetHints":{"allow":["GET"]}}],"collection":[{"href":"http:\/\/alz-dortmund-verein.de\/index.php?rest_route=\/wp\/v2\/pages"}],"about":[{"href":"http:\/\/alz-dortmund-verein.de\/index.php?rest_route=\/wp\/v2\/types\/page"}],"author":[{"embeddable":true,"href":"http:\/\/alz-dortmund-verein.de\/index.php?rest_route=\/wp\/v2\/users\/1"}],"replies":[{"embeddable":true,"href":"http:\/\/alz-dortmund-verein.de\/index.php?rest_route=%2Fwp%2Fv2%2Fcomments&post=407"}],"version-history":[{"count":4,"href":"http:\/\/alz-dortmund-verein.de\/index.php?rest_route=\/wp\/v2\/pages\/407\/revisions"}],"predecessor-version":[{"id":424,"href":"http:\/\/alz-dortmund-verein.de\/index.php?rest_route=\/wp\/v2\/pages\/407\/revisions\/424"}],"up":[{"embeddable":true,"href":"http:\/\/alz-dortmund-verein.de\/index.php?rest_route=\/wp\/v2\/pages\/164"}],"wp:attachment":[{"href":"http:\/\/alz-dortmund-verein.de\/index.php?rest_route=%2Fwp%2Fv2%2Fmedia&parent=407"}],"curies":[{"name":"wp","href":"https:\/\/api.w.org\/{rel}","templated":true}]}}