{"id":263,"date":"2019-02-01T12:35:39","date_gmt":"2019-02-01T12:35:39","guid":{"rendered":"http:\/\/alz-dortmund-verein.de\/?page_id=263"},"modified":"2019-02-01T13:19:10","modified_gmt":"2019-02-01T13:19:10","slug":"mitglied-werden","status":"publish","type":"page","link":"http:\/\/alz-dortmund-verein.de\/?page_id=263","title":{"rendered":"Mitglied werden"},"content":{"rendered":"\n<p><strong>Unterst\u00fctzen sie den Einsatz gegen Armut und Ausgrenzung \u2013 werden sie Mitglied!<\/strong><\/p>\n\n\n\n<p>Der Verein \u201eALZ \u2013 Der Verein\u201c, der fast 30 Jahre lang Tr\u00e4ger der Beratungsstelle war, hat sich neu aufgestellt. Nachdem die Beratungsstelle einem Dortmunder Wohlfahrtsverband \u00fcbergeben wurde, wird der Verein jetzt auf anderen Wegen Menschen unterst\u00fctzen, die arbeitslos sind, von Armut bedroht oder sich in prek\u00e4ren Lebenslagen befinden. Dazu wollen wir Menschen verbinden, die sich f\u00fcr ein solidarisches Dortmund einsetzen.<\/p>\n\n\n\n<p><strong>Mitgliedsbeitr\u00e4ge\npro Jahr:<\/strong><\/p>\n\n\n\n<p>Besch\u00e4ftigte:\n12,00 Euro<\/p>\n\n\n\n<p>Arbeitslose:&nbsp;&nbsp;&nbsp;&nbsp;\n6,00 Euro<\/p>\n\n\n\n<p>Organisationen\n(Juristische Personen) 50,- Euro<\/p>\n\n\n\n<p>Wir freuen\nuns \u00fcber alle Menschen, die unsere Anliegen durch eine Mitgliedschaft unterst\u00fctzen.<\/p>\n","protected":false},"excerpt":{"rendered":"<p>Unterst\u00fctzen sie den Einsatz gegen Armut und Ausgrenzung \u2013 werden sie Mitglied! Der Verein \u201eALZ \u2013 Der Verein\u201c, der fast 30 Jahre lang Tr\u00e4ger der Beratungsstelle war, hat sich neu aufgestellt. Nachdem die Beratungsstelle einem Dortmunder Wohlfahrtsverband \u00fcbergeben wurde, wird der Verein jetzt auf anderen Wegen Menschen unterst\u00fctzen, die arbeitslos sind, von Armut bedroht oder &hellip; <\/p>\n<p class=\"link-more\"><a href=\"http:\/\/alz-dortmund-verein.de\/?page_id=263\" class=\"more-link\"><span class=\"screen-reader-text\">\u201eMitglied werden\u201c <\/span>weiterlesen<\/a><\/p>\n","protected":false},"author":1,"featured_media":0,"parent":20,"menu_order":3,"comment_status":"closed","ping_status":"closed","template":"","meta":{"ngg_post_thumbnail":0,"footnotes":""},"class_list":["post-263","page","type-page","status-publish","hentry"],"aioseo_notices":[],"_links":{"self":[{"href":"http:\/\/alz-dortmund-verein.de\/index.php?rest_route=\/wp\/v2\/pages\/263","targetHints":{"allow":["GET"]}}],"collection":[{"href":"http:\/\/alz-dortmund-verein.de\/index.php?rest_route=\/wp\/v2\/pages"}],"about":[{"href":"http:\/\/alz-dortmund-verein.de\/index.php?rest_route=\/wp\/v2\/types\/page"}],"author":[{"embeddable":true,"href":"http:\/\/alz-dortmund-verein.de\/index.php?rest_route=\/wp\/v2\/users\/1"}],"replies":[{"embeddable":true,"href":"http:\/\/alz-dortmund-verein.de\/index.php?rest_route=%2Fwp%2Fv2%2Fcomments&post=263"}],"version-history":[{"count":3,"href":"http:\/\/alz-dortmund-verein.de\/index.php?rest_route=\/wp\/v2\/pages\/263\/revisions"}],"predecessor-version":[{"id":293,"href":"http:\/\/alz-dortmund-verein.de\/index.php?rest_route=\/wp\/v2\/pages\/263\/revisions\/293"}],"up":[{"embeddable":true,"href":"http:\/\/alz-dortmund-verein.de\/index.php?rest_route=\/wp\/v2\/pages\/20"}],"wp:attachment":[{"href":"http:\/\/alz-dortmund-verein.de\/index.php?rest_route=%2Fwp%2Fv2%2Fmedia&parent=263"}],"curies":[{"name":"wp","href":"https:\/\/api.w.org\/{rel}","templated":true}]}}