{"id":259,"date":"2019-02-01T12:46:25","date_gmt":"2019-02-01T12:46:25","guid":{"rendered":"http:\/\/alz-dortmund-verein.de\/?page_id=259"},"modified":"2019-02-01T13:40:13","modified_gmt":"2019-02-01T13:40:13","slug":"was-wir-tun","status":"publish","type":"page","link":"http:\/\/alz-dortmund-verein.de\/?page_id=259","title":{"rendered":"Was wir tun"},"content":{"rendered":"\n<p><strong>Was wir tun:<\/strong><\/p>\n\n\n\n<p>1. Nach der Sicherung der Arbeitslosenberatungsstelle durch den \u00dcbergang an die AWO (Unterbezirk Dortmund), ist es zum Erhalt der Gemeinn\u00fctzigkeit des Vereins Arbeitslosenzentrum Dortmund e.V. notwendig, die Erziehung und Volksbildung im Sinne des \u00a7 52 Abs. 2 Nummer 7 der Abgabenordnung (AO) in den Vordergrund zu r\u00fccken.<\/p>\n\n\n\n<p>2. Ziel des Vereins ist es durch Aufkl\u00e4rung und Dialog \u00fcber die Situation von arbeitslosen Menschen, Menschen in prek\u00e4ren Lebenslagen und von Armut bedrohten Menschen in unterschiedlichen Ma\u00df-nahmen und Veranstaltungsformen zu informieren und diese zum Thema zu machen.<\/p>\n\n\n\n<p>3. Der Verein mischt sich aktiv in die \u00f6ffentliche Debatte ein, bringt sich in Netzwerke ein und bezieht Stellung f\u00fcr Menschen, die arbeitslos sind, und\/oder sich in prek\u00e4ren Lebenslagenbefinden und\/oder von Armut bedroht sind.<\/p>\n\n\n\n<p>4. \u00dcber direkte Kontakte mit und zwischen Menschen, die von Arbeitslosigkeit oder von prek\u00e4ren Lebenslagen bzw. Armut betroffen sind, und Vereinsmitgliedern und B\u00fcrgerinnen und B\u00fcrger der Stadt, sollen konkrete praktische Hilfen f\u00fcr unterschiedliche Problemlagen ermittelt und erm\u00f6glicht werden.<\/p>\n\n\n\n<p>5. Von besonderer Bedeutung sind dabei die Erfahrungen aus der Arbeitslosenberatungsstelle der AWO. In regelm\u00e4\u00dfigen Treffen werden die Problemfelder aus der Beratungspraxis ausgetauscht und f\u00fcr die Vereinsarbeit aufgegriffen.<\/p>\n\n\n\n<p>6. Als besondere Herausforderung sehen wir an, dass arbeitslose Menschen, Menschen in prek\u00e4ren Lebenslagen und von Armut bedrohte Menschen die M\u00f6glichkeit erhalten, sich aktiv einzubringen und zu beteiligen. Damit soll ein Beitrag geleistet werden, der gesellschaftlichen Tabuisierung entgegen zu wirken.<\/p>\n\n\n\n<p><a href=\"http:\/\/alz-dortmund-verein.de\/wp-content\/uploads\/2019\/01\/Satzung-des-Arbeitslosenzentrum-Dortmund-e.V.pdf\">Unsere Satzung als PDF<\/a><\/p>\n","protected":false},"excerpt":{"rendered":"<p>Was wir tun: 1. Nach der Sicherung der Arbeitslosenberatungsstelle durch den \u00dcbergang an die AWO (Unterbezirk Dortmund), ist es zum Erhalt der Gemeinn\u00fctzigkeit des Vereins Arbeitslosenzentrum Dortmund e.V. notwendig, die Erziehung und Volksbildung im Sinne des \u00a7 52 Abs. 2 Nummer 7 der Abgabenordnung (AO) in den Vordergrund zu r\u00fccken. 2. Ziel des Vereins ist &hellip; <\/p>\n<p class=\"link-more\"><a href=\"http:\/\/alz-dortmund-verein.de\/?page_id=259\" class=\"more-link\"><span class=\"screen-reader-text\">\u201eWas wir tun\u201c <\/span>weiterlesen<\/a><\/p>\n","protected":false},"author":1,"featured_media":0,"parent":20,"menu_order":1,"comment_status":"closed","ping_status":"closed","template":"","meta":{"ngg_post_thumbnail":0,"footnotes":""},"class_list":["post-259","page","type-page","status-publish","hentry"],"aioseo_notices":[],"_links":{"self":[{"href":"http:\/\/alz-dortmund-verein.de\/index.php?rest_route=\/wp\/v2\/pages\/259","targetHints":{"allow":["GET"]}}],"collection":[{"href":"http:\/\/alz-dortmund-verein.de\/index.php?rest_route=\/wp\/v2\/pages"}],"about":[{"href":"http:\/\/alz-dortmund-verein.de\/index.php?rest_route=\/wp\/v2\/types\/page"}],"author":[{"embeddable":true,"href":"http:\/\/alz-dortmund-verein.de\/index.php?rest_route=\/wp\/v2\/users\/1"}],"replies":[{"embeddable":true,"href":"http:\/\/alz-dortmund-verein.de\/index.php?rest_route=%2Fwp%2Fv2%2Fcomments&post=259"}],"version-history":[{"count":2,"href":"http:\/\/alz-dortmund-verein.de\/index.php?rest_route=\/wp\/v2\/pages\/259\/revisions"}],"predecessor-version":[{"id":291,"href":"http:\/\/alz-dortmund-verein.de\/index.php?rest_route=\/wp\/v2\/pages\/259\/revisions\/291"}],"up":[{"embeddable":true,"href":"http:\/\/alz-dortmund-verein.de\/index.php?rest_route=\/wp\/v2\/pages\/20"}],"wp:attachment":[{"href":"http:\/\/alz-dortmund-verein.de\/index.php?rest_route=%2Fwp%2Fv2%2Fmedia&parent=259"}],"curies":[{"name":"wp","href":"https:\/\/api.w.org\/{rel}","templated":true}]}}