{"id":164,"date":"2019-01-13T14:08:21","date_gmt":"2019-01-13T14:08:21","guid":{"rendered":"http:\/\/alz-dortmund-verein.de\/?page_id=164"},"modified":"2019-08-02T10:57:17","modified_gmt":"2019-08-02T10:57:17","slug":"arm-in-arm","status":"publish","type":"page","link":"http:\/\/alz-dortmund-verein.de\/?page_id=164","title":{"rendered":"arm in Arm"},"content":{"rendered":"\n<p><strong><a href=\"http:\/\/alz-dortmund-verein.de\/?page_id=400\">Veranstaltungen<\/a><\/strong><\/p>\n\n\n\n<p><strong><a href=\"http:\/\/alz-dortmund-verein.de\/?page_id=407\">Fotos und Videos<\/a><\/strong><\/p>\n\n\n\n<p><strong><a href=\"http:\/\/alz-dortmund-verein.de\/?page_id=428\">Berichte<\/a><\/strong><\/p>\n\n\n\n<figure class=\"wp-block-image is-resized\"><img fetchpriority=\"high\" decoding=\"async\" src=\"http:\/\/alz-dortmund-verein.de\/wp-content\/uploads\/2019\/01\/image002.png\" alt=\"\" class=\"wp-image-165\" width=\"628\" height=\"232\"\/><\/figure>\n\n\n\n<p>\u201earm in Arm\u201c ist ein Netzwerk aus Wohlfahrtsverb\u00e4nden, Kirchen,\nGewerkschaften und Mieterverein. Entwickelt hat sich das Netzwerk aus der\ngemeinsamen Armutskonferenz, der in den folgenden Jahren viele Aktivit\u00e4ten\nfolgten. Das Netzwerk arbeitet jetzt kontinuierlich und setzt sich mit der\nArmut in Dortmund auseinander. Es tr\u00e4gt das Thema Armut in die\nStadtgesellschaft und die Politik. \u00dcber unterschiedliche Veranstaltungen werden\ndie verschiedenen Formen der Armut mit ihren vielf\u00e4ltigen Folgen in der\nBlickpunkt genommen.<\/p>\n\n\n\n<p>Organisiert und Koordiniert wird das Netzwerk f\u00fcr das\nArbeitslosenzentrum \u2013 Der Verein.<\/p>\n\n\n\n<p><strong>Netzwerk\n\u201earm in Arm\u201c <\/strong><\/p>\n\n\n\n<p><em>Mitglieder: Arbeitslosenzentrum e.V. (Koordination), DGB Dortmund-Hellweg, AWO Unterbezirk Dortmund, Der Parit\u00e4tische Dortmund, Diakonisches Werk Dortmund und L\u00fcnen gGmbH, Caritas Dortmund, Evangelische Kirche in Dortmund \u2013 L\u00fcnen \u2013Selm, Katholische Stadtkirche Dortmund, J\u00fcdische Kultusgemeinde Dortmund K.d.\u00f6.R., Deutsches Rotes Kreuz, Schuldnerberatung Dortmund, bodo e.V.; Gast-Haus. \u00d6kumenische Wohnungslosen-Initiative e.V., ObdachlosenKaffee St. Reinoldi, Deutscher Kinderschutzbund Dortmund e.V., Frauenzentrum Huckarde 1980 e.V.; <\/em>&nbsp;<em>Mieterverein Dortmund und Umgebung e.V.; Deutscher Mieterbund<\/em> &#8222;: <\/p>\n","protected":false},"excerpt":{"rendered":"<p>Veranstaltungen Fotos und Videos Berichte \u201earm in Arm\u201c ist ein Netzwerk aus Wohlfahrtsverb\u00e4nden, Kirchen, Gewerkschaften und Mieterverein. Entwickelt hat sich das Netzwerk aus der gemeinsamen Armutskonferenz, der in den folgenden Jahren viele Aktivit\u00e4ten folgten. Das Netzwerk arbeitet jetzt kontinuierlich und setzt sich mit der Armut in Dortmund auseinander. Es tr\u00e4gt das Thema Armut in die &hellip; <\/p>\n<p class=\"link-more\"><a href=\"http:\/\/alz-dortmund-verein.de\/?page_id=164\" class=\"more-link\"><span class=\"screen-reader-text\">\u201earm in Arm\u201c <\/span>weiterlesen<\/a><\/p>\n","protected":false},"author":1,"featured_media":0,"parent":0,"menu_order":0,"comment_status":"closed","ping_status":"closed","template":"","meta":{"ngg_post_thumbnail":0,"footnotes":""},"class_list":["post-164","page","type-page","status-publish","hentry"],"aioseo_notices":[],"_links":{"self":[{"href":"http:\/\/alz-dortmund-verein.de\/index.php?rest_route=\/wp\/v2\/pages\/164","targetHints":{"allow":["GET"]}}],"collection":[{"href":"http:\/\/alz-dortmund-verein.de\/index.php?rest_route=\/wp\/v2\/pages"}],"about":[{"href":"http:\/\/alz-dortmund-verein.de\/index.php?rest_route=\/wp\/v2\/types\/page"}],"author":[{"embeddable":true,"href":"http:\/\/alz-dortmund-verein.de\/index.php?rest_route=\/wp\/v2\/users\/1"}],"replies":[{"embeddable":true,"href":"http:\/\/alz-dortmund-verein.de\/index.php?rest_route=%2Fwp%2Fv2%2Fcomments&post=164"}],"version-history":[{"count":8,"href":"http:\/\/alz-dortmund-verein.de\/index.php?rest_route=\/wp\/v2\/pages\/164\/revisions"}],"predecessor-version":[{"id":433,"href":"http:\/\/alz-dortmund-verein.de\/index.php?rest_route=\/wp\/v2\/pages\/164\/revisions\/433"}],"wp:attachment":[{"href":"http:\/\/alz-dortmund-verein.de\/index.php?rest_route=%2Fwp%2Fv2%2Fmedia&parent=164"}],"curies":[{"name":"wp","href":"https:\/\/api.w.org\/{rel}","templated":true}]}}